{"id":966,"date":"2021-06-10T16:42:08","date_gmt":"2021-06-10T15:42:08","guid":{"rendered":"https:\/\/adhocstudio.fr\/?page_id=966"},"modified":"2026-04-03T16:33:29","modified_gmt":"2026-04-03T15:33:29","slug":"equipe","status":"publish","type":"page","link":"https:\/\/adhocstudio.fr\/site\/equipe\/","title":{"rendered":"\u00c9quipe"},"content":{"rendered":"\n<style type=\"text\/css\" data-created_by=\"avia_inline_auto\" id=\"style-css-av-bjzsh-5e4ec7931bfd7f271c0f954f7c432495\">\n.avia-section.av-bjzsh-5e4ec7931bfd7f271c0f954f7c432495{\nbackground-color:#ededed;\nbackground-image:unset;\n}\n<\/style>\n<div id='av_section_1'  class='avia-section av-bjzsh-5e4ec7931bfd7f271c0f954f7c432495 main_color avia-section-default avia-no-border-styling  avia-builder-el-0  avia-builder-el-no-sibling  avia-bg-style-scroll container_wrap fullsize'  ><div class='container av-section-cont-open' ><main  role=\"main\" itemprop=\"mainContentOfPage\"  class='template-page content  av-content-full alpha units'><div class='post-entry post-entry-type-page post-entry-966'><div class='entry-content-wrapper clearfix'>\n<div  class='flex_column av-9p0oh-37a58e045a6f4f33d9a62ed957f1b02a av_one_half  avia-builder-el-1  el_before_av_one_half  avia-builder-el-first  first flex_column_div  '     ><p>\n<style type=\"text\/css\" data-created_by=\"avia_inline_auto\" id=\"style-css-av-eb4q6-e7d610c07c908d6934bb3e73012a3ba6\">\n#top .hr.hr-invisible.av-eb4q6-e7d610c07c908d6934bb3e73012a3ba6{\nheight:2px;\n}\n<\/style>\n<div  class='hr av-eb4q6-e7d610c07c908d6934bb3e73012a3ba6 hr-invisible  avia-builder-el-2  el_before_av_image  avia-builder-el-first '><span class='hr-inner '><span class=\"hr-inner-style\"><\/span><\/span><\/div><br \/>\n\n<style type=\"text\/css\" data-created_by=\"avia_inline_auto\" id=\"style-css-av-v5e5-639eba93ab422cd9a056367e57a2061b\">\n.avia-image-container.av-v5e5-639eba93ab422cd9a056367e57a2061b img.avia_image{\nbox-shadow:none;\n}\n.avia-image-container.av-v5e5-639eba93ab422cd9a056367e57a2061b .av-caption-image-overlay-bg{\nopacity:0.1;\nbackground-color:#000000;\n}\n.avia-image-container.av-v5e5-639eba93ab422cd9a056367e57a2061b .av-image-caption-overlay-center{\ncolor:#ffffff;\n}\n<\/style>\n<div  class='avia-image-container av-v5e5-639eba93ab422cd9a056367e57a2061b av-styling-no-styling avia_animated_image av-animated-when-visible-95 fade-in avia-align-left  avia-builder-el-3  el_after_av_hr  el_before_av_hr  noHover av-overlay-hover-deactivate'   itemprop=\"image\" itemscope=\"itemscope\" itemtype=\"https:\/\/schema.org\/ImageObject\" ><div class=\"avia-image-container-inner\"><div class=\"avia-image-overlay-wrap\"><div class=\"av-image-caption-overlay\"><div class=\"av-caption-image-overlay-bg\"><\/div><div class=\"av-image-caption-overlay-position\"><div class=\"av-image-caption-overlay-center\"><\/div><\/div><\/div><img decoding=\"async\" fetchpriority=\"high\" class='wp-image-2350 avia-img-lazy-loading-not-2350 avia_image ' src=\"https:\/\/adhocstudio.fr\/site\/wp-content\/uploads\/2026\/04\/AUD_0627-scaled.jpg\" alt='' title='sandrine dup\u00e9'  height=\"2560\" width=\"1708\"  itemprop=\"thumbnailUrl\" srcset=\"https:\/\/adhocstudio.fr\/site\/wp-content\/uploads\/2026\/04\/AUD_0627-scaled.jpg 1708w, https:\/\/adhocstudio.fr\/site\/wp-content\/uploads\/2026\/04\/AUD_0627-200x300.jpg 200w, https:\/\/adhocstudio.fr\/site\/wp-content\/uploads\/2026\/04\/AUD_0627-687x1030.jpg 687w, https:\/\/adhocstudio.fr\/site\/wp-content\/uploads\/2026\/04\/AUD_0627-768x1151.jpg 768w, https:\/\/adhocstudio.fr\/site\/wp-content\/uploads\/2026\/04\/AUD_0627-1025x1536.jpg 1025w, https:\/\/adhocstudio.fr\/site\/wp-content\/uploads\/2026\/04\/AUD_0627-1366x2048.jpg 1366w, https:\/\/adhocstudio.fr\/site\/wp-content\/uploads\/2026\/04\/AUD_0627-1001x1500.jpg 1001w, https:\/\/adhocstudio.fr\/site\/wp-content\/uploads\/2026\/04\/AUD_0627-470x705.jpg 470w\" sizes=\"(max-width: 1708px) 100vw, 1708px\" \/><\/div><\/div><\/div><br \/>\n\n<style type=\"text\/css\" data-created_by=\"avia_inline_auto\" id=\"style-css-av-bckb2-db5c261d2e0494482ec91c3252fd6fef\">\n#top .hr.hr-invisible.av-bckb2-db5c261d2e0494482ec91c3252fd6fef{\nheight:25px;\n}\n<\/style>\n<div  class='hr av-bckb2-db5c261d2e0494482ec91c3252fd6fef hr-invisible  avia-builder-el-4  el_after_av_image  avia-builder-el-last '><span class='hr-inner '><span class=\"hr-inner-style\"><\/span><\/span><\/div><\/p><\/div>\n<style type=\"text\/css\" data-created_by=\"avia_inline_auto\" id=\"style-css-av-pkhy-10e240c4303554dee66dfa576deaed9a\">\n@keyframes av_boxShadowEffect_av-pkhy-10e240c4303554dee66dfa576deaed9a-column {\n0%   { box-shadow:  0 0 0 0 rgba(0,0,0,0.2); opacity: 1; }\n100% { box-shadow:  0 0 10px 0 rgba(0,0,0,0.2); opacity: 1; }\n}\n.flex_column.av-pkhy-10e240c4303554dee66dfa576deaed9a{\nbox-shadow: 0 0 10px 0 rgba(0,0,0,0.2);\nborder-width:40px;\nborder-style:solid;\nborder-radius:0px 0px 0px 0px;\npadding:0px 0px 0px 0px;\n}\n<\/style>\n<div  class='flex_column av-pkhy-10e240c4303554dee66dfa576deaed9a av_one_half  avia-builder-el-5  el_after_av_one_half  el_before_av_hr  flex_column_div shadow-not-animated av-zero-column-padding  '     ><p>\n<style type=\"text\/css\" data-created_by=\"avia_inline_auto\" id=\"style-css-av-1qax5-b7133edfea99ac4150fdddf3303a41a8\">\n#top .av-special-heading.av-1qax5-b7133edfea99ac4150fdddf3303a41a8{\npadding-bottom:10px;\n}\nbody .av-special-heading.av-1qax5-b7133edfea99ac4150fdddf3303a41a8 .av-special-heading-tag .heading-char{\nfont-size:25px;\n}\n.av-special-heading.av-1qax5-b7133edfea99ac4150fdddf3303a41a8 .av-subheading{\nfont-size:15px;\n}\n<\/style>\n<div  class='av-special-heading av-1qax5-b7133edfea99ac4150fdddf3303a41a8 av-special-heading-h2 meta-heading blockquote modern-quote  avia-builder-el-6  el_before_av_textblock  avia-builder-el-first '><h2 class='av-special-heading-tag '  itemprop=\"headline\"  >Sandrine Dup\u00e9<\/h2><div class=\"special-heading-border\"><div class=\"special-heading-inner-border\"><\/div><\/div><\/div><br \/>\n\n<style type=\"text\/css\" data-created_by=\"avia_inline_auto\" id=\"style-css-av-84plh-892ddc6e5db1568ac0e26e522541d6b6\">\n#top .av_textblock_section.av-84plh-892ddc6e5db1568ac0e26e522541d6b6 .avia_textblock{\nfont-size:15px;\ncolor:#000000;\n}\n<\/style>\n<section  class='av_textblock_section av-84plh-892ddc6e5db1568ac0e26e522541d6b6 '   itemscope=\"itemscope\" itemtype=\"https:\/\/schema.org\/CreativeWork\" ><div class='avia_textblock av_inherit_color'  itemprop=\"text\" ><p data-start=\"307\" data-end=\"569\">Architecte d\u2019int\u00e9rieur dipl\u00f4m\u00e9e d\u2019un master en architecture int\u00e9rieure et design, <strong data-start=\"389\" data-end=\"406\">Sandrine Dup\u00e9<\/strong> d\u00e9veloppe depuis plus de vingt ans une expertise dans la conception de lieux commerciaux, en particulier dans les secteurs de la restauration et de l\u2019hospitality.<\/p>\n<p data-start=\"571\" data-end=\"794\">Elle d\u00e9bute sa carri\u00e8re au sein de l\u2019agence <strong data-start=\"615\" data-end=\"623\">NACO<\/strong>, sp\u00e9cialis\u00e9e dans l\u2019\u00e9laboration de concepts commerciaux, et participe au d\u00e9veloppement de projets pour des enseignes telles que <strong data-start=\"752\" data-end=\"793\">Kookai, Club Med ou les cin\u00e9mas Path\u00e9<\/strong>.<\/p>\n<p data-start=\"796\" data-end=\"1036\">Elle rejoint ensuite le <strong data-start=\"820\" data-end=\"841\">Groupe Intersport<\/strong>, o\u00f9 elle occupe les fonctions d\u2019architecte d\u2019int\u00e9rieur puis de responsable adjointe du service agencement, contribuant au d\u00e9veloppement et au d\u00e9ploiement de concepts d\u2019enseigne \u00e0 grande \u00e9chelle.<\/p>\n<p data-start=\"1038\" data-end=\"1371\">En 2006, elle int\u00e8gre l\u2019agence <strong data-start=\"1069\" data-end=\"1084\">Opus Certum<\/strong>, sp\u00e9cialis\u00e9e en architecture commerciale et en restauration. Chef de projet puis responsable travaux, elle y pilote la conception et la r\u00e9alisation d\u2019une quarantaine de restaurants \u00e0 travers la France, d\u00e9veloppant une solide ma\u00eetrise des enjeux techniques, budg\u00e9taires et op\u00e9rationnels.<\/p>\n<p data-start=\"1373\" data-end=\"1575\">En 2014, elle fonde <strong data-start=\"1393\" data-end=\"1426\">Adhoc Architecture Int\u00e9rieure<\/strong>, studio d\u00e9di\u00e9 \u00e0 la conception de lieux singuliers, avec une expertise particuli\u00e8re dans les restaurants et les boutiques.<\/p>\n<p data-start=\"1577\" data-end=\"1854\">Elle est \u00e9galement <strong data-start=\"1596\" data-end=\"1633\">co-fondatrice de Variation Studio <\/strong>(<a href=\"https:\/\/www.variationstudio.com\/\">www.variationstudio.com<\/a>) , structure sp\u00e9cialis\u00e9e dans la prescription et la fourniture de mobilier pour les projets d\u2019h\u00f4tellerie et de restauration haut de gamme, permettant d\u2019accompagner les projets jusqu\u2019au choix des pi\u00e8ces et des savoir-faire.<\/p>\n<p data-start=\"1856\" data-end=\"2060\"><strong data-start=\"1856\" data-end=\"2060\">Son approche associe conception architecturale, sens du d\u00e9tail et ma\u00eetrise du chantier afin de cr\u00e9er des lieux \u00e0 forte identit\u00e9, pens\u00e9s pour l\u2019exp\u00e9rience des clients et la performance des exploitants.<\/strong><\/p>\n<\/div><\/section><\/p><\/div>\n<style type=\"text\/css\" data-created_by=\"avia_inline_auto\" id=\"style-css-av-alwfi-6a732181265527daffce45a9cca84cae\">\n#top .hr.av-alwfi-6a732181265527daffce45a9cca84cae{\nmargin-top:30px;\nmargin-bottom:30px;\n}\n.hr.av-alwfi-6a732181265527daffce45a9cca84cae .hr-inner{\nwidth:100%;\nborder-color:#ffffff;\n}\n<\/style>\n<div  class='hr av-alwfi-6a732181265527daffce45a9cca84cae hr-custom  avia-builder-el-8  el_after_av_one_half  el_before_av_one_half  hr-center hr-icon-no'><span class='hr-inner inner-border-av-border-thin'><span class=\"hr-inner-style\"><\/span><\/span><\/div>\n<div  class='flex_column av-2kuud-9d3791ebafd89625a1700978a65cc780 av_one_half  avia-builder-el-9  el_after_av_hr  el_before_av_one_half  first flex_column_div  '     ><p>\n<style type=\"text\/css\" data-created_by=\"avia_inline_auto\" id=\"style-css-av-h1dri-494abc084bada6fd0bb3e85ddcca7a63\">\n#top .hr.hr-invisible.av-h1dri-494abc084bada6fd0bb3e85ddcca7a63{\nheight:2px;\n}\n<\/style>\n<div  class='hr av-h1dri-494abc084bada6fd0bb3e85ddcca7a63 hr-invisible  avia-builder-el-10  el_before_av_image  avia-builder-el-first '><span class='hr-inner '><span class=\"hr-inner-style\"><\/span><\/span><\/div><br \/>\n\n<style type=\"text\/css\" data-created_by=\"avia_inline_auto\" id=\"style-css-av-1kd9h-d54a2b7f5586473a9598c23f02a95edd\">\n.avia-image-container.av-1kd9h-d54a2b7f5586473a9598c23f02a95edd img.avia_image{\nbox-shadow:none;\n}\n.avia-image-container.av-1kd9h-d54a2b7f5586473a9598c23f02a95edd .av-caption-image-overlay-bg{\nopacity:0.1;\nbackground-color:#000000;\n}\n.avia-image-container.av-1kd9h-d54a2b7f5586473a9598c23f02a95edd .av-image-caption-overlay-center{\ncolor:#ffffff;\n}\n<\/style>\n<div  class='avia-image-container av-1kd9h-d54a2b7f5586473a9598c23f02a95edd av-styling-no-styling avia_animated_image av-animated-when-visible-95 fade-in avia-align-left  avia-builder-el-11  el_after_av_hr  el_before_av_hr  noHover av-overlay-hover-deactivate'   itemprop=\"image\" itemscope=\"itemscope\" itemtype=\"https:\/\/schema.org\/ImageObject\" ><div class=\"avia-image-container-inner\"><div class=\"avia-image-overlay-wrap\"><div class=\"av-image-caption-overlay\"><div class=\"av-caption-image-overlay-bg\"><\/div><div class=\"av-image-caption-overlay-position\"><div class=\"av-image-caption-overlay-center\"><\/div><\/div><\/div><img decoding=\"async\" fetchpriority=\"high\" class='wp-image-1033 avia-img-lazy-loading-not-1033 avia_image ' src=\"https:\/\/adhocstudio.fr\/site\/wp-content\/uploads\/2021\/06\/Cecile-Larcher-degrad2-1.png\" alt='' title='C\u00e9cile-Larcher-degrad2'  height=\"1080\" width=\"1080\"  itemprop=\"thumbnailUrl\" srcset=\"https:\/\/adhocstudio.fr\/site\/wp-content\/uploads\/2021\/06\/Cecile-Larcher-degrad2-1.png 1080w, https:\/\/adhocstudio.fr\/site\/wp-content\/uploads\/2021\/06\/Cecile-Larcher-degrad2-1-300x300.png 300w, https:\/\/adhocstudio.fr\/site\/wp-content\/uploads\/2021\/06\/Cecile-Larcher-degrad2-1-1030x1030.png 1030w, https:\/\/adhocstudio.fr\/site\/wp-content\/uploads\/2021\/06\/Cecile-Larcher-degrad2-1-80x80.png 80w, https:\/\/adhocstudio.fr\/site\/wp-content\/uploads\/2021\/06\/Cecile-Larcher-degrad2-1-768x768.png 768w, https:\/\/adhocstudio.fr\/site\/wp-content\/uploads\/2021\/06\/Cecile-Larcher-degrad2-1-36x36.png 36w, https:\/\/adhocstudio.fr\/site\/wp-content\/uploads\/2021\/06\/Cecile-Larcher-degrad2-1-180x180.png 180w, https:\/\/adhocstudio.fr\/site\/wp-content\/uploads\/2021\/06\/Cecile-Larcher-degrad2-1-705x705.png 705w\" sizes=\"(max-width: 1080px) 100vw, 1080px\" \/><\/div><\/div><\/div><br \/>\n\n<style type=\"text\/css\" data-created_by=\"avia_inline_auto\" id=\"style-css-av-89a4u-09436dc750accc5e04d96ec182e35292\">\n#top .hr.hr-invisible.av-89a4u-09436dc750accc5e04d96ec182e35292{\nheight:25px;\n}\n<\/style>\n<div  class='hr av-89a4u-09436dc750accc5e04d96ec182e35292 hr-invisible  avia-builder-el-12  el_after_av_image  avia-builder-el-last '><span class='hr-inner '><span class=\"hr-inner-style\"><\/span><\/span><\/div><\/p><\/div>\n<style type=\"text\/css\" data-created_by=\"avia_inline_auto\" id=\"style-css-av-d22ta-fb6c5aa73c6e94d3ec53c868cea9ac6f\">\n@keyframes av_boxShadowEffect_av-d22ta-fb6c5aa73c6e94d3ec53c868cea9ac6f-column {\n0%   { box-shadow:  0 0 0 0 rgba(0,0,0,0.2); opacity: 1; }\n100% { box-shadow:  0 0 10px 0 rgba(0,0,0,0.2); opacity: 1; }\n}\n.flex_column.av-d22ta-fb6c5aa73c6e94d3ec53c868cea9ac6f{\nbox-shadow: 0 0 10px 0 rgba(0,0,0,0.2);\nborder-width:40px;\nborder-style:solid;\nborder-radius:0px 0px 0px 0px;\npadding:0px 0px 0px 0px;\n}\n<\/style>\n<div  class='flex_column av-d22ta-fb6c5aa73c6e94d3ec53c868cea9ac6f av_one_half  avia-builder-el-13  el_after_av_one_half  el_before_av_hr  flex_column_div shadow-not-animated av-zero-column-padding  '     ><p>\n<style type=\"text\/css\" data-created_by=\"avia_inline_auto\" id=\"style-css-av-q685-0d7cfd4564b0d2b9166f3075dca7a02c\">\n#top .av-special-heading.av-q685-0d7cfd4564b0d2b9166f3075dca7a02c{\npadding-bottom:10px;\n}\nbody .av-special-heading.av-q685-0d7cfd4564b0d2b9166f3075dca7a02c .av-special-heading-tag .heading-char{\nfont-size:25px;\n}\n.av-special-heading.av-q685-0d7cfd4564b0d2b9166f3075dca7a02c .av-subheading{\nfont-size:15px;\n}\n<\/style>\n<div  class='av-special-heading av-q685-0d7cfd4564b0d2b9166f3075dca7a02c av-special-heading-h2 meta-heading blockquote modern-quote  avia-builder-el-14  el_before_av_textblock  avia-builder-el-first '><h2 class='av-special-heading-tag '  itemprop=\"headline\"  >C\u00e9cile Larcher<\/h2><div class=\"special-heading-border\"><div class=\"special-heading-inner-border\"><\/div><\/div><\/div><br \/>\n\n<style type=\"text\/css\" data-created_by=\"avia_inline_auto\" id=\"style-css-av-wo95-a6d0a989ad194b4b79270fb3e5d91bc3\">\n#top .av_textblock_section.av-wo95-a6d0a989ad194b4b79270fb3e5d91bc3 .avia_textblock{\nfont-size:15px;\ncolor:#000000;\n}\n<\/style>\n<section  class='av_textblock_section av-wo95-a6d0a989ad194b4b79270fb3e5d91bc3 '   itemscope=\"itemscope\" itemtype=\"https:\/\/schema.org\/CreativeWork\" ><div class='avia_textblock av_inherit_color'  itemprop=\"text\" ><p>C\u00e9cile Larcher est \u00e0 l&rsquo;origine dipl\u00f4m\u00e9e\u00a0de l&rsquo;\u00e9cole Nationale Sup\u00e9rieure\u00a0d&rsquo;Architecture de Bretagne.<\/p>\n<p>Son parcours professionnel\u00a0commence par un atelier\u00a0d&rsquo;architecture-mus\u00e9ographie-sc\u00e9nographie.<\/p>\n<p>Au gr\u00e9 de ses collaborations,\u00a0elle s&rsquo;investit dans un collectif m\u00ealant\u00a0architecture, design, graphisme, paysage\u00a0et commence \u00e0 produire des projets\u00a0en conception\/r\u00e9alisation sur des \u00e9chelles\u00a0de jardins, de mobilier et de projets culturels\u00a0et paysagers.<\/p>\n<p>Afin d&rsquo;ajouter quelques cordes \u00e0 son arc,\u00a0elle passe un an \u00e0 l&rsquo;Ecole Nationale Sup\u00e9rieure\u00a0du Paysage de Versailles, en formation Cesp,\u00a0ce qui lui permet de mettre en relation\u00a0les visions de l&rsquo;architecte et du paysagiste\u00a0afin de cultiver une envie de voir le monde\u00a0selon plusieurs prismes.<\/p>\n<p>Ce qui lui tient le plus \u00e0 c\u0153ur est de pouvoir toucher \u00e0 toutes les disciplines cr\u00e9atives en s&rsquo;associant et en s&rsquo;affranchissant le plus possible\u00a0 des codes qui imposent aux concepteurs\u00a0 des limites de champ d&rsquo;action.<\/p>\n<\/div><\/section><\/p><\/div>\n<style type=\"text\/css\" data-created_by=\"avia_inline_auto\" id=\"style-css-av-7gk6m-d48bbaaf30678d56576cd1e7448f16c6\">\n#top .hr.av-7gk6m-d48bbaaf30678d56576cd1e7448f16c6{\nmargin-top:30px;\nmargin-bottom:30px;\n}\n.hr.av-7gk6m-d48bbaaf30678d56576cd1e7448f16c6 .hr-inner{\nwidth:100%;\nborder-color:#ffffff;\n}\n<\/style>\n<div  class='hr av-7gk6m-d48bbaaf30678d56576cd1e7448f16c6 hr-custom  avia-builder-el-16  el_after_av_one_half  el_before_av_one_half  hr-center hr-icon-no'><span class='hr-inner inner-border-av-border-thin'><span class=\"hr-inner-style\"><\/span><\/span><\/div>\n<div  class='flex_column av-ojvf2-80c66c5bb69c5a79acaa815b14c18057 av_one_half  avia-builder-el-17  el_after_av_hr  el_before_av_one_half  first flex_column_div  '     ><p>\n<style type=\"text\/css\" data-created_by=\"avia_inline_auto\" id=\"style-css-av-k8b3y-a3c9b38ed84aa94d9fa68455fc6ded42\">\n#top .hr.hr-invisible.av-k8b3y-a3c9b38ed84aa94d9fa68455fc6ded42{\nheight:2px;\n}\n<\/style>\n<div  class='hr av-k8b3y-a3c9b38ed84aa94d9fa68455fc6ded42 hr-invisible  avia-builder-el-18  el_before_av_image  avia-builder-el-first '><span class='hr-inner '><span class=\"hr-inner-style\"><\/span><\/span><\/div><br \/>\n\n<style type=\"text\/css\" data-created_by=\"avia_inline_auto\" id=\"style-css-av-lwyvmsmo-43a19de6a319620b3f64781bcb4e15b6\">\n.avia-image-container.av-lwyvmsmo-43a19de6a319620b3f64781bcb4e15b6 img.avia_image{\nbox-shadow:none;\n}\n.avia-image-container.av-lwyvmsmo-43a19de6a319620b3f64781bcb4e15b6 .av-image-caption-overlay-center{\ncolor:#ffffff;\n}\n<\/style>\n<div  class='avia-image-container av-lwyvmsmo-43a19de6a319620b3f64781bcb4e15b6 av-styling-no-styling avia_animated_image av-animated-when-visible-95 fade-in avia-align-left  avia-builder-el-19  el_after_av_hr  el_before_av_hr '   itemprop=\"image\" itemscope=\"itemscope\" itemtype=\"https:\/\/schema.org\/ImageObject\" ><div class=\"avia-image-container-inner\"><div class=\"avia-image-overlay-wrap\"><img decoding=\"async\" fetchpriority=\"high\" class='wp-image-1629 avia-img-lazy-loading-not-1629 avia_image ' src=\"https:\/\/adhocstudio.fr\/site\/wp-content\/uploads\/2024\/06\/david_adhoc-architecture.jpg\" alt='' title='david_adhoc-architecture'  height=\"2560\" width=\"2560\"  itemprop=\"thumbnailUrl\" srcset=\"https:\/\/adhocstudio.fr\/site\/wp-content\/uploads\/2024\/06\/david_adhoc-architecture.jpg 2560w, https:\/\/adhocstudio.fr\/site\/wp-content\/uploads\/2024\/06\/david_adhoc-architecture-300x300.jpg 300w, https:\/\/adhocstudio.fr\/site\/wp-content\/uploads\/2024\/06\/david_adhoc-architecture-1030x1030.jpg 1030w, https:\/\/adhocstudio.fr\/site\/wp-content\/uploads\/2024\/06\/david_adhoc-architecture-80x80.jpg 80w, https:\/\/adhocstudio.fr\/site\/wp-content\/uploads\/2024\/06\/david_adhoc-architecture-768x768.jpg 768w, https:\/\/adhocstudio.fr\/site\/wp-content\/uploads\/2024\/06\/david_adhoc-architecture-1536x1536.jpg 1536w, https:\/\/adhocstudio.fr\/site\/wp-content\/uploads\/2024\/06\/david_adhoc-architecture-2048x2048.jpg 2048w, https:\/\/adhocstudio.fr\/site\/wp-content\/uploads\/2024\/06\/david_adhoc-architecture-36x36.jpg 36w, https:\/\/adhocstudio.fr\/site\/wp-content\/uploads\/2024\/06\/david_adhoc-architecture-180x180.jpg 180w, https:\/\/adhocstudio.fr\/site\/wp-content\/uploads\/2024\/06\/david_adhoc-architecture-1500x1500.jpg 1500w, https:\/\/adhocstudio.fr\/site\/wp-content\/uploads\/2024\/06\/david_adhoc-architecture-705x705.jpg 705w\" sizes=\"(max-width: 2560px) 100vw, 2560px\" \/><\/div><\/div><\/div><br \/>\n\n<style type=\"text\/css\" data-created_by=\"avia_inline_auto\" id=\"style-css-av-g4506-00883d2e256e38e9fba2a33d84b89e31\">\n#top .hr.hr-invisible.av-g4506-00883d2e256e38e9fba2a33d84b89e31{\nheight:25px;\n}\n<\/style>\n<div  class='hr av-g4506-00883d2e256e38e9fba2a33d84b89e31 hr-invisible  avia-builder-el-20  el_after_av_image  avia-builder-el-last '><span class='hr-inner '><span class=\"hr-inner-style\"><\/span><\/span><\/div><\/p><\/div>\n<style type=\"text\/css\" data-created_by=\"avia_inline_auto\" id=\"style-css-av-8lfmu-4dae692ec254479ac3e1ea7ba6c8fc1d\">\n@keyframes av_boxShadowEffect_av-8lfmu-4dae692ec254479ac3e1ea7ba6c8fc1d-column {\n0%   { box-shadow:  0 0 0 0 rgba(0,0,0,0.2); opacity: 1; }\n100% { box-shadow:  0 0 10px 0 rgba(0,0,0,0.2); opacity: 1; }\n}\n.flex_column.av-8lfmu-4dae692ec254479ac3e1ea7ba6c8fc1d{\nbox-shadow: 0 0 10px 0 rgba(0,0,0,0.2);\nborder-width:40px;\nborder-style:solid;\nborder-radius:0px 0px 0px 0px;\npadding:0px 0px 0px 0px;\n}\n<\/style>\n<div  class='flex_column av-8lfmu-4dae692ec254479ac3e1ea7ba6c8fc1d av_one_half  avia-builder-el-21  el_after_av_one_half  avia-builder-el-last  flex_column_div shadow-not-animated av-zero-column-padding  '     ><p>\n<style type=\"text\/css\" data-created_by=\"avia_inline_auto\" id=\"style-css-av-lwyvqr7r-45b74ab9c706e6d32133e5539320fcfc\">\n#top .av-special-heading.av-lwyvqr7r-45b74ab9c706e6d32133e5539320fcfc{\npadding-bottom:10px;\n}\nbody .av-special-heading.av-lwyvqr7r-45b74ab9c706e6d32133e5539320fcfc .av-special-heading-tag .heading-char{\nfont-size:25px;\n}\n.av-special-heading.av-lwyvqr7r-45b74ab9c706e6d32133e5539320fcfc .av-subheading{\nfont-size:15px;\n}\n<\/style>\n<div  class='av-special-heading av-lwyvqr7r-45b74ab9c706e6d32133e5539320fcfc av-special-heading-h2 meta-heading blockquote modern-quote  avia-builder-el-22  el_before_av_textblock  avia-builder-el-first '><h2 class='av-special-heading-tag '  itemprop=\"headline\"  >David Largeaud<\/h2><div class=\"special-heading-border\"><div class=\"special-heading-inner-border\"><\/div><\/div><\/div><br \/>\n\n<style type=\"text\/css\" data-created_by=\"avia_inline_auto\" id=\"style-css-av-lwyvqic2-e48d44d271431fe5d7e6fefa6ae23bfa\">\n#top .av_textblock_section.av-lwyvqic2-e48d44d271431fe5d7e6fefa6ae23bfa .avia_textblock{\nfont-size:15px;\ncolor:#000000;\n}\n<\/style>\n<section  class='av_textblock_section av-lwyvqic2-e48d44d271431fe5d7e6fefa6ae23bfa '   itemscope=\"itemscope\" itemtype=\"https:\/\/schema.org\/CreativeWork\" ><div class='avia_textblock av_inherit_color'  itemprop=\"text\" ><div class=\"w-full text-token-text-primary\" dir=\"auto\" data-testid=\"conversation-turn-8\" data-scroll-anchor=\"false\">\n<div class=\"py-2 juice:py-&#091;18px&#093; px-3 text-base md:px-4 m-auto md:px-5 lg:px-1 xl:px-5\">\n<div class=\"mx-auto flex flex-1 gap-3 text-base juice:gap-4 juice:md:gap-6 md:max-w-3xl lg:max-w-&#091;40rem&#093; xl:max-w-&#091;48rem&#093;\">\n<div class=\"group\/conversation-turn relative flex w-full min-w-0 flex-col\">\n<div class=\"flex-col gap-1 md:gap-3\">\n<div class=\"mt-1 flex gap-3 empty:hidden juice:mr-1 juice:flex-row-reverse\"><\/div>\n<\/div>\n<\/div>\n<\/div>\n<\/div>\n<\/div>\n<div class=\"flex flex-grow flex-col max-w-full\">\n<div class=\"min-h-&#091;20px&#093; text-message flex flex-col items-start whitespace-pre-wrap break-words &#091;.text-message+&amp;&#093;:mt-5 juice:w-full juice:items-end overflow-x-auto gap-3\" dir=\"auto\" data-message-author-role=\"assistant\" data-message-id=\"281db0c7-f8bc-4bbe-891f-547b73299fe4\">\n<div class=\"markdown prose w-full break-words dark:prose-invert light\">\n<p>David a \u00e9tudi\u00e9 \u00e0 l&rsquo;\u00e9cole Camondo puis \u00e0 l&rsquo;\u00e9cole d&rsquo;architecture Paris La Villette. Il travaille sur divers projets, allant de l&rsquo;habitation \u00e0 la restauration, et se distingue par un design remarquable gr\u00e2ce \u00e0 son go\u00fbt pour les mat\u00e9riaux bruts et simples.<\/p>\n<p>Son style est tr\u00e8s \u00e9pur\u00e9. David collabore avec Adhoc par le biais de son agence, DL Consulting, sur des projets techniques et des chantiers complexes.<\/p>\n<\/div>\n<\/div>\n<\/div>\n<\/div><\/section><\/p><\/div>\n","protected":false},"excerpt":{"rendered":"","protected":false},"author":1,"featured_media":0,"parent":0,"menu_order":0,"comment_status":"open","ping_status":"open","template":"","meta":{"footnotes":""},"_links":{"self":[{"href":"https:\/\/adhocstudio.fr\/site\/wp-json\/wp\/v2\/pages\/966"}],"collection":[{"href":"https:\/\/adhocstudio.fr\/site\/wp-json\/wp\/v2\/pages"}],"about":[{"href":"https:\/\/adhocstudio.fr\/site\/wp-json\/wp\/v2\/types\/page"}],"author":[{"embeddable":true,"href":"https:\/\/adhocstudio.fr\/site\/wp-json\/wp\/v2\/users\/1"}],"replies":[{"embeddable":true,"href":"https:\/\/adhocstudio.fr\/site\/wp-json\/wp\/v2\/comments?post=966"}],"version-history":[{"count":78,"href":"https:\/\/adhocstudio.fr\/site\/wp-json\/wp\/v2\/pages\/966\/revisions"}],"predecessor-version":[{"id":2435,"href":"https:\/\/adhocstudio.fr\/site\/wp-json\/wp\/v2\/pages\/966\/revisions\/2435"}],"wp:attachment":[{"href":"https:\/\/adhocstudio.fr\/site\/wp-json\/wp\/v2\/media?parent=966"}],"curies":[{"name":"wp","href":"https:\/\/api.w.org\/{rel}","templated":true}]}}